{"id":2033,"date":"2021-10-14T11:09:41","date_gmt":"2021-10-14T11:09:41","guid":{"rendered":"https:\/\/calaben2.dominocom.lu\/?page_id=2033"},"modified":"2025-09-25T12:44:57","modified_gmt":"2025-09-25T12:44:57","slug":"mentions-legales","status":"publish","type":"page","link":"https:\/\/www.calaben.com\/fr\/mentions-legales\/","title":{"rendered":"Mentions l\u00e9gales"},"content":{"rendered":"<h2>Conditions d\u2019utilisation du Site<\/h2>\n<p>Le Site www.calaben.com est un emplacement digital d\u00e9di\u00e9, notamment, \u00e0 la promotion des services propos\u00e9s par LOU QUEIRELET SARL.<\/p>\n<p>Tout utilisateur naviguant sur le Site est pr\u00e9sum\u00e9 avoir accept\u00e9 les conditions d\u2019utilisation ci-dessous et se doit de les respecter.<\/p>\n<p>Les pr\u00e9sentes conditions d\u2019utilisation ne s\u2019appliquent pas \u00e0 des modules int\u00e9gr\u00e9s sur le site permettant la communication avec des autres sites et plateformes tiers qui ont fix\u00e9 leurs propres conditions d\u2019utilisation.<\/p>\n<p>Merci de bien vouloir prendre connaissance des conditions d\u2019utilisation de ces modules aupr\u00e8s de leurs \u00e9diteurs respectifs.<\/p>\n<p>Les pr\u00e9sentes conditions peuvent \u00eatre modifi\u00e9es \u00e0 tout moment. Toute modification sera publi\u00e9e sur le Site et tout utilisateur acc\u00e9dant au Site apr\u00e8s leur publication sera pr\u00e9sum\u00e9 avoir accept\u00e9 les modifications.<\/p>\n<p>Les pr\u00e9sentes conditions d\u2019utilisation sont soumises \u00e0 la loi luxembourgeoise.<\/p>\n<h2>Copyright<\/h2>\n<p>Le contenu complet se trouvant sur le site www.calaben.com, incluant tout logo, marque, photo, vid\u00e9o, textes, dessins, graphiques et pr\u00e9sentations appartient \u00e0 LOU QUEIRELET SARL.<br \/>\nToute reproduction, diffusion, copie, adaptation, citation de tout ou partie de ce site, sur quelque support que ce soit et pour quelque utilisation que ce soit, est formellement interdite sauf autorisation pr\u00e9alable de LOU QUEIRELET SARL.<br \/>\nCr\u00e9dits photos :<br \/>\nShutterstock,<br \/>\nLOU QUEIRELET SARL,<br \/>\nDomino Communication,<\/p>\n<h2>Liens externes<\/h2>\n<p>Tous liens provenant d\u2019un site externe et guidant sur le Site sont soumis avant publication \u00e0 autorisation pr\u00e9alable de LOU QUEIRELET SARL qui se r\u00e9serve le droit de poursuivre tout contrevenant.<\/p>\n<p>LOU QUEIRELET SARL d\u00e9cline toute responsabilit\u00e9 concernant des liens pr\u00e9sents sur des sites externes qui renvoient vers le site www.calaben.com et ne pourra en aucun cas \u00eatre tenu responsable du contenu pr\u00e9sent au sein de ce site tiers par la simple existence de ces liens.<\/p>\n<p>Le Site www.calaben.com peut contenir des liens redirigeant vers des sites partenaires et\/ou des sites tiers. LOU QUEIRELET SARL n\u2019a pas de contr\u00f4le sur ces sites tiers et ne peut en aucun cas surveiller le contenu de ces sites ou les conditions d\u2019utilisation, notamment en mati\u00e8re de protection de donn\u00e9es. LOU QUEIRELET SARL ne pourra en aucun cas \u00eatre tenue responsable pour tout dommage subi sur un site vers lequel un de ses internautes aurait \u00e9t\u00e9 redirig\u00e9.<\/p>\n<p>Le fait de cliquer sur un lien externe dirigera automatiquement l\u2019utilisateur du Site vers ces sites qui sont soumis \u00e0 des conditions d\u2019utilisations qui leur sont propres, et non aux pr\u00e9sentes. L\u2019acc\u00e8s \u00e0 ces sites ext\u00e9rieurs s\u2019effectue aux propres risques de l\u2019utilisateur. LOU QUEIRELET SARL ne pourra \u00eatre tenue responsable pour tout contenu pr\u00e9sent.<\/p>\n<h2>Responsabilit\u00e9<\/h2>\n<p>LOU QUEIRELET SARL effectue des mises \u00e0 jour r\u00e9guli\u00e8res concernant le contenu et les dispositifs en place sur le Site afin de permettre \u00e0 l\u2019utilisateur un acc\u00e8s et et une utilisation dans les meilleures conditions.<\/p>\n<p>N\u00e9anmoins, LOU QUEIRELET SARL ne peut garantir en temps r\u00e9el l\u2019actualit\u00e9 et l\u2019int\u00e9gralit\u00e9 des contenus publi\u00e9s sur le Site.<\/p>\n<p>L\u2019utilisateur a dans ce cadre pleinement conscience que les contenus pr\u00e9sents sur le Site sont donn\u00e9s \u00e0 titre indicatif.<\/p>\n<p>LOU QUEIRELET SARL se r\u00e9serve le droit de faire des modifications sur le Site \u00e0 tout moment, et ne peut donc garantir l\u2019utilisateur de l\u2019accessibilit\u00e9 de l\u2019ensemble du Site sans interruption, en temps utile, en toute s\u00e9curit\u00e9 et sans erreur en permanence.<\/p>\n<p>LOU QUEIRELET SARL ne peut \u00eatre tenue responsable de tout dommage caus\u00e9 \u00e0 un utilisateur par les actions d\u2019un tiers, qui par un moyen technique d\u00e9loyal a utilis\u00e9 les informations diffus\u00e9es sur le Site. Nous assurons toutefois mettre en pratique les moyens \u00e0 notre disposition pour lutter contre toute action de ce type, tout en \u00e9tant limit\u00e9e par les contraintes inh\u00e9rentes \u00e0 Internet.<\/p>\n<p>Le Site a \u00e9t\u00e9 d\u00e9velopp\u00e9 par Domino Communication et est mis \u00e0 jour de mani\u00e8re \u00e0 assurer son accessibilit\u00e9. Toutefois Domino Communication ne garantit en aucun cas une accessibilit\u00e9 totale du Site ni l\u2019absence d\u2019erreurs et bugs notamment. Chaque internaute rencontrant une difficult\u00e9 dans sa navigation est invit\u00e9 \u00e0 en informer Domino Communication sans que Domino Communication soit tenu de r\u00e9soudre la difficult\u00e9.<\/p>\n<p>LOU QUEIRELET SARL \u00e0 le droit de poursuivre toute personne ayant par quelque moyen que ce soit essay\u00e9 de s\u2019attaquer au site www.calaben.com, soit \u00e0 sa structure technique ou \u00e0 son contenu publi\u00e9.<\/p>\n<p>&nbsp;<\/p>\n","protected":false},"excerpt":{"rendered":"<p>Conditions d\u2019utilisation du Site Le Site www.calaben.com est un emplacement digital d\u00e9di\u00e9, notamment, \u00e0 la promotion des services propos\u00e9s par LOU QUEIRELET SARL. Tout utilisateur naviguant sur le Site est pr\u00e9sum\u00e9 avoir accept\u00e9 les conditions d\u2019utilisation ci-dessous et se doit de les respecter. Les pr\u00e9sentes conditions d\u2019utilisation ne s\u2019appliquent pas \u00e0 des modules int\u00e9gr\u00e9s sur [&hellip;]<\/p>\n","protected":false},"author":1,"featured_media":0,"parent":0,"menu_order":0,"comment_status":"closed","ping_status":"closed","template":"","meta":{"site-sidebar-layout":"default","site-content-layout":"default","ast-site-content-layout":"default","site-content-style":"default","site-sidebar-style":"default","ast-global-header-display":"","ast-banner-title-visibility":"","ast-main-header-display":"","ast-hfb-above-header-display":"","ast-hfb-below-header-display":"","ast-hfb-mobile-header-display":"","site-post-title":"","ast-breadcrumbs-content":"","ast-featured-img":"","footer-sml-layout":"","ast-disable-related-posts":"","theme-transparent-header-meta":"default","adv-header-id-meta":"","stick-header-meta":"","header-above-stick-meta":"","header-main-stick-meta":"","header-below-stick-meta":"","astra-migrate-meta-layouts":"set","ast-page-background-enabled":"default","ast-page-background-meta":{"desktop":{"background-color":"","background-image":"","background-repeat":"repeat","background-position":"center center","background-size":"auto","background-attachment":"scroll","background-type":"","background-media":"","overlay-type":"","overlay-color":"","overlay-opacity":"","overlay-gradient":""},"tablet":{"background-color":"","background-image":"","background-repeat":"repeat","background-position":"center center","background-size":"auto","background-attachment":"scroll","background-type":"","background-media":"","overlay-type":"","overlay-color":"","overlay-opacity":"","overlay-gradient":""},"mobile":{"background-color":"","background-image":"","background-repeat":"repeat","background-position":"center center","background-size":"auto","background-attachment":"scroll","background-type":"","background-media":"","overlay-type":"","overlay-color":"","overlay-opacity":"","overlay-gradient":""}},"ast-content-background-meta":{"desktop":{"background-color":"var(--ast-global-color-5)","background-image":"","background-repeat":"repeat","background-position":"center center","background-size":"auto","background-attachment":"scroll","background-type":"","background-media":"","overlay-type":"","overlay-color":"","overlay-opacity":"","overlay-gradient":""},"tablet":{"background-color":"var(--ast-global-color-5)","background-image":"","background-repeat":"repeat","background-position":"center center","background-size":"auto","background-attachment":"scroll","background-type":"","background-media":"","overlay-type":"","overlay-color":"","overlay-opacity":"","overlay-gradient":""},"mobile":{"background-color":"var(--ast-global-color-5)","background-image":"","background-repeat":"repeat","background-position":"center center","background-size":"auto","background-attachment":"scroll","background-type":"","background-media":"","overlay-type":"","overlay-color":"","overlay-opacity":"","overlay-gradient":""}},"footnotes":""},"class_list":["post-2033","page","type-page","status-publish","hentry"],"yoast_head":"<!-- This site is optimized with the Yoast SEO plugin v27.2 - https:\/\/yoast.com\/product\/yoast-seo-wordpress\/ -->\n<title>Mentions l\u00e9gales - Calaben<\/title>\n<meta name=\"robots\" content=\"index, follow, max-snippet:-1, max-image-preview:large, max-video-preview:-1\" \/>\n<link rel=\"canonical\" href=\"https:\/\/www.calaben.com\/fr\/mentions-legales\/\" \/>\n<meta property=\"og:locale\" content=\"fr_FR\" \/>\n<meta property=\"og:type\" content=\"article\" \/>\n<meta property=\"og:title\" content=\"Mentions l\u00e9gales - Calaben\" \/>\n<meta property=\"og:description\" content=\"Conditions d\u2019utilisation du Site Le Site www.calaben.com est un emplacement digital d\u00e9di\u00e9, notamment, \u00e0 la promotion des services propos\u00e9s par LOU QUEIRELET SARL. Tout utilisateur naviguant sur le Site est pr\u00e9sum\u00e9 avoir accept\u00e9 les conditions d\u2019utilisation ci-dessous et se doit de les respecter. Les pr\u00e9sentes conditions d\u2019utilisation ne s\u2019appliquent pas \u00e0 des modules int\u00e9gr\u00e9s sur [&hellip;]\" \/>\n<meta property=\"og:url\" content=\"https:\/\/www.calaben.com\/fr\/mentions-legales\/\" \/>\n<meta property=\"og:site_name\" content=\"Calaben\" \/>\n<meta property=\"article:modified_time\" content=\"2025-09-25T12:44:57+00:00\" \/>\n<meta name=\"twitter:card\" content=\"summary_large_image\" \/>\n<meta name=\"twitter:label1\" content=\"Dur\u00e9e de lecture estim\u00e9e\" \/>\n\t<meta name=\"twitter:data1\" content=\"4 minutes\" \/>\n<script type=\"application\/ld+json\" class=\"yoast-schema-graph\">{\"@context\":\"https:\/\/schema.org\",\"@graph\":[{\"@type\":\"WebPage\",\"@id\":\"https:\/\/www.calaben.com\/fr\/mentions-legales\/\",\"url\":\"https:\/\/www.calaben.com\/fr\/mentions-legales\/\",\"name\":\"Mentions l\u00e9gales - Calaben\",\"isPartOf\":{\"@id\":\"https:\/\/www.calaben.com\/fr\/#website\"},\"datePublished\":\"2021-10-14T11:09:41+00:00\",\"dateModified\":\"2025-09-25T12:44:57+00:00\",\"breadcrumb\":{\"@id\":\"https:\/\/www.calaben.com\/fr\/mentions-legales\/#breadcrumb\"},\"inLanguage\":\"fr-FR\",\"potentialAction\":[{\"@type\":\"ReadAction\",\"target\":[\"https:\/\/www.calaben.com\/fr\/mentions-legales\/\"]}]},{\"@type\":\"BreadcrumbList\",\"@id\":\"https:\/\/www.calaben.com\/fr\/mentions-legales\/#breadcrumb\",\"itemListElement\":[{\"@type\":\"ListItem\",\"position\":1,\"name\":\"Home\",\"item\":\"https:\/\/www.calaben.com\/fr\/\"},{\"@type\":\"ListItem\",\"position\":2,\"name\":\"Mentions l\u00e9gales\"}]},{\"@type\":\"WebSite\",\"@id\":\"https:\/\/www.calaben.com\/fr\/#website\",\"url\":\"https:\/\/www.calaben.com\/fr\/\",\"name\":\"Calaben\",\"description\":\"\",\"potentialAction\":[{\"@type\":\"SearchAction\",\"target\":{\"@type\":\"EntryPoint\",\"urlTemplate\":\"https:\/\/www.calaben.com\/fr\/?s={search_term_string}\"},\"query-input\":{\"@type\":\"PropertyValueSpecification\",\"valueRequired\":true,\"valueName\":\"search_term_string\"}}],\"inLanguage\":\"fr-FR\"}]}<\/script>\n<!-- \/ Yoast SEO plugin. -->","yoast_head_json":{"title":"Mentions l\u00e9gales - Calaben","robots":{"index":"index","follow":"follow","max-snippet":"max-snippet:-1","max-image-preview":"max-image-preview:large","max-video-preview":"max-video-preview:-1"},"canonical":"https:\/\/www.calaben.com\/fr\/mentions-legales\/","og_locale":"fr_FR","og_type":"article","og_title":"Mentions l\u00e9gales - Calaben","og_description":"Conditions d\u2019utilisation du Site Le Site www.calaben.com est un emplacement digital d\u00e9di\u00e9, notamment, \u00e0 la promotion des services propos\u00e9s par LOU QUEIRELET SARL. Tout utilisateur naviguant sur le Site est pr\u00e9sum\u00e9 avoir accept\u00e9 les conditions d\u2019utilisation ci-dessous et se doit de les respecter. Les pr\u00e9sentes conditions d\u2019utilisation ne s\u2019appliquent pas \u00e0 des modules int\u00e9gr\u00e9s sur [&hellip;]","og_url":"https:\/\/www.calaben.com\/fr\/mentions-legales\/","og_site_name":"Calaben","article_modified_time":"2025-09-25T12:44:57+00:00","twitter_card":"summary_large_image","twitter_misc":{"Dur\u00e9e de lecture estim\u00e9e":"4 minutes"},"schema":{"@context":"https:\/\/schema.org","@graph":[{"@type":"WebPage","@id":"https:\/\/www.calaben.com\/fr\/mentions-legales\/","url":"https:\/\/www.calaben.com\/fr\/mentions-legales\/","name":"Mentions l\u00e9gales - Calaben","isPartOf":{"@id":"https:\/\/www.calaben.com\/fr\/#website"},"datePublished":"2021-10-14T11:09:41+00:00","dateModified":"2025-09-25T12:44:57+00:00","breadcrumb":{"@id":"https:\/\/www.calaben.com\/fr\/mentions-legales\/#breadcrumb"},"inLanguage":"fr-FR","potentialAction":[{"@type":"ReadAction","target":["https:\/\/www.calaben.com\/fr\/mentions-legales\/"]}]},{"@type":"BreadcrumbList","@id":"https:\/\/www.calaben.com\/fr\/mentions-legales\/#breadcrumb","itemListElement":[{"@type":"ListItem","position":1,"name":"Home","item":"https:\/\/www.calaben.com\/fr\/"},{"@type":"ListItem","position":2,"name":"Mentions l\u00e9gales"}]},{"@type":"WebSite","@id":"https:\/\/www.calaben.com\/fr\/#website","url":"https:\/\/www.calaben.com\/fr\/","name":"Calaben","description":"","potentialAction":[{"@type":"SearchAction","target":{"@type":"EntryPoint","urlTemplate":"https:\/\/www.calaben.com\/fr\/?s={search_term_string}"},"query-input":{"@type":"PropertyValueSpecification","valueRequired":true,"valueName":"search_term_string"}}],"inLanguage":"fr-FR"}]}},"_links":{"self":[{"href":"https:\/\/www.calaben.com\/fr\/wp-json\/wp\/v2\/pages\/2033","targetHints":{"allow":["GET"]}}],"collection":[{"href":"https:\/\/www.calaben.com\/fr\/wp-json\/wp\/v2\/pages"}],"about":[{"href":"https:\/\/www.calaben.com\/fr\/wp-json\/wp\/v2\/types\/page"}],"author":[{"embeddable":true,"href":"https:\/\/www.calaben.com\/fr\/wp-json\/wp\/v2\/users\/1"}],"replies":[{"embeddable":true,"href":"https:\/\/www.calaben.com\/fr\/wp-json\/wp\/v2\/comments?post=2033"}],"version-history":[{"count":0,"href":"https:\/\/www.calaben.com\/fr\/wp-json\/wp\/v2\/pages\/2033\/revisions"}],"wp:attachment":[{"href":"https:\/\/www.calaben.com\/fr\/wp-json\/wp\/v2\/media?parent=2033"}],"curies":[{"name":"wp","href":"https:\/\/api.w.org\/{rel}","templated":true}]}}