{"id":2036,"date":"2021-10-14T11:14:29","date_gmt":"2021-10-14T11:14:29","guid":{"rendered":"https:\/\/calaben2.dominocom.lu\/?page_id=2036"},"modified":"2025-09-25T12:46:59","modified_gmt":"2025-09-25T12:46:59","slug":"politique-de-confidentialite","status":"publish","type":"page","link":"https:\/\/www.calaben.com\/fr\/politique-de-confidentialite\/","title":{"rendered":"Politique de confidentialit\u00e9"},"content":{"rendered":"<h2>G\u00e9n\u00e9ral<\/h2>\n<p>La r\u00e9glementation en mati\u00e8re de protection des donn\u00e9es est une priorit\u00e9 pour LOU QUEIRELET SARL. C\u2019est pour cette raison, que nous souhaitons faire en sorte que toutes les informations en relation avec le traitement de vos donn\u00e9es personnelles sur le Site www.calaben.com soient claires et compr\u00e9hensives pour l&rsquo;utilisateur.<\/p>\n<p>Cette r\u00e9glementation sur la protection de donn\u00e9es a comme objectif de vous informer sur l\u2019usage des donn\u00e9es personnelles collect\u00e9es via ce site internet, ainsi que sur vos droits et de la fa\u00e7on dont vous pouvez les exercer. Le traitement des donn\u00e9es est crucial pour exercer notre m\u00e9tier et pour servir en toute confiance notre client\u00e8le \u00e0 long terme, il est donc essentiel pour LOU QUEIRELET SARL qu\u2019il soit r\u00e9alis\u00e9 en toute s\u00e9curit\u00e9, en respectant la confidentialit\u00e9 et en toute conformit\u00e9 avec votre volont\u00e9.<\/p>\n<p>Avant de confirmer la transmission de vos donn\u00e9es personnelles via nos rubriques de contact, vous vous engagez \u00e0 lire et accepter notre politique de confidentialit\u00e9. Cette acceptation permet \u00e0 LOU QUEIRELET SARL de traiter votre demande gr\u00e2ce aux donn\u00e9es transmises \u00e0 cet effet pour une dur\u00e9e se limitant \u00e0 l\u2019objet de votre demande (demande d\u2019informations, devis, etc)<\/p>\n<h2>Engagements<\/h2>\n<p>LOU QUEIRELET SARL s\u2019engage \u00e0 respecter la l\u00e9gislation luxembourgeoise, notamment la loi du 2 ao\u00fbt 2002 relative \u00e0 la protection des personnes \u00e0 l\u2019\u00e9gard du traitement des donn\u00e9es \u00e0 caract\u00e8re personnel.<\/p>\n<p>LOU QUEIRELET SARL s\u2019engage \u00e0 respecter le R\u00e8glement (UE) 2016\/679 du Parlement europ\u00e9en et du Conseil du 27 avril 2016, d\u00e8s son entr\u00e9e en vigueur le 25 mai 2018.<\/p>\n<p>LOU QUEIRELET SARL s&rsquo;engage \u00e0 n\u2019utiliser les donn\u00e9es personnelles re\u00e7ues qu\u2019en conformit\u00e9 avec l\u2019objet propre d\u00e9fini lors de la transmission.<\/p>\n<p>LOU QUEIRELET SARL est \u00e0 votre \u00e9coute en cas de question relative \u00e0 cette r\u00e9glementation des protections des donn\u00e9es via : client@calaben.com<\/p>\n<h2>Vos donn\u00e9es<\/h2>\n<p>LOU QUEIRELET SARL est responsable pour la collecte des donn\u00e9es personnelles de ses utilisateurs via son Site internet,<\/p>\n<p>Le site www.calaben.com appartient \u00e0 LOU QUEIRELET SARL domicili\u00e9 au : 15 Rue du Centre, 8282 KEHLEN, Luxembourg, enregistr\u00e9e au RCS sous le num\u00e9ro B2254787.<\/p>\n<p>Les donn\u00e9es collect\u00e9es sont\u00a0: nom, pr\u00e9nom, adresse \u00e9lectrique, num\u00e9ro de t\u00e9l\u00e9phone<\/p>\n<h2>Collecte<\/h2>\n<p>Vos donn\u00e9es sont collect\u00e9es par le biais de formulaire(s) de contact, et d\u2019inscription \u00e0 notre newsletter. Les donn\u00e9es sont stock\u00e9es pour une p\u00e9riode maximum de 1 an apr\u00e8s toute absence d\u2019interactivit\u00e9.<\/p>\n<h2>Raison de traitement des donn\u00e9es<\/h2>\n<p>Les donn\u00e9es personnelles envoy\u00e9 de la part de l\u2019utilisateur sont destin\u00e9es \u00e0 traiter votre demande (demande de contact, demande de renseignement, demande de RDV, inscription \u00e0 notre newsletter).<\/p>\n<p>Lorsque vous acceptez de transmettre vos donn\u00e9es personnelles \u00e0 LOU QUEIRELET SARL, vous acceptez \u00e9galement que LOU QUEIRELET SARL puisse utiliser ces donn\u00e9es dans la limite des finalit\u00e9s d\u00e9taill\u00e9es dans cette r\u00e9glementation.<\/p>\n<h2>Responsable du traitement des donn\u00e9es personnelles<\/h2>\n<p>Le responsable du traitement des donn\u00e9es personnelles est Benjamin D\u2019ALAYER. Vous pouvez joindre le responsable du traitement par mail\u00a0: <a href=\"mailto:client@calaben.com\">client@calaben.com<\/a>. Le responsable du traitement s\u2019engage \u00e0 prot\u00e9ger les donn\u00e9es et ne pas les transmettre \u00e0 des tiers sans que vous en ayez \u00e9t\u00e9 inform\u00e9.<\/p>\n<h2>Prestataires<\/h2>\n<p>LOU QUEIRELET SARL est amen\u00e9 \u00e0 communiquer vos donn\u00e9es aux prestataires suivants\u00a0:<br \/>\n- Domino Communication : webmaster<\/p>\n<h2>Droit d\u2019opposition, d\u2019acc\u00e8s, de rectification et de suppression<\/h2>\n<p>Vous pouvez prendre connaissance, mettre \u00e0 jour, modifier ou demander la suppression des renseignements vous concernant en contactant le Responsable du traitement.<br \/>\nPar ailleurs, vous avez la possibilit\u00e9 de vous d\u00e9sinscrire \u00e0 tout moment de nos listes de diffusion via le lien situ\u00e9 en bas de nos newsletters.<\/p>\n<p>&nbsp;<\/p>\n","protected":false},"excerpt":{"rendered":"<p>G\u00e9n\u00e9ral La r\u00e9glementation en mati\u00e8re de protection des donn\u00e9es est une priorit\u00e9 pour LOU QUEIRELET SARL. C\u2019est pour cette raison, que nous souhaitons faire en sorte que toutes les informations en relation avec le traitement de vos donn\u00e9es personnelles sur le Site www.calaben.com soient claires et compr\u00e9hensives pour l&rsquo;utilisateur. Cette r\u00e9glementation sur la protection de [&hellip;]<\/p>\n","protected":false},"author":1,"featured_media":0,"parent":0,"menu_order":0,"comment_status":"closed","ping_status":"closed","template":"","meta":{"site-sidebar-layout":"default","site-content-layout":"default","ast-site-content-layout":"default","site-content-style":"default","site-sidebar-style":"default","ast-global-header-display":"","ast-banner-title-visibility":"","ast-main-header-display":"","ast-hfb-above-header-display":"","ast-hfb-below-header-display":"","ast-hfb-mobile-header-display":"","site-post-title":"","ast-breadcrumbs-content":"","ast-featured-img":"","footer-sml-layout":"","ast-disable-related-posts":"","theme-transparent-header-meta":"default","adv-header-id-meta":"","stick-header-meta":"","header-above-stick-meta":"","header-main-stick-meta":"","header-below-stick-meta":"","astra-migrate-meta-layouts":"set","ast-page-background-enabled":"default","ast-page-background-meta":{"desktop":{"background-color":"","background-image":"","background-repeat":"repeat","background-position":"center center","background-size":"auto","background-attachment":"scroll","background-type":"","background-media":"","overlay-type":"","overlay-color":"","overlay-opacity":"","overlay-gradient":""},"tablet":{"background-color":"","background-image":"","background-repeat":"repeat","background-position":"center center","background-size":"auto","background-attachment":"scroll","background-type":"","background-media":"","overlay-type":"","overlay-color":"","overlay-opacity":"","overlay-gradient":""},"mobile":{"background-color":"","background-image":"","background-repeat":"repeat","background-position":"center center","background-size":"auto","background-attachment":"scroll","background-type":"","background-media":"","overlay-type":"","overlay-color":"","overlay-opacity":"","overlay-gradient":""}},"ast-content-background-meta":{"desktop":{"background-color":"var(--ast-global-color-5)","background-image":"","background-repeat":"repeat","background-position":"center center","background-size":"auto","background-attachment":"scroll","background-type":"","background-media":"","overlay-type":"","overlay-color":"","overlay-opacity":"","overlay-gradient":""},"tablet":{"background-color":"var(--ast-global-color-5)","background-image":"","background-repeat":"repeat","background-position":"center center","background-size":"auto","background-attachment":"scroll","background-type":"","background-media":"","overlay-type":"","overlay-color":"","overlay-opacity":"","overlay-gradient":""},"mobile":{"background-color":"var(--ast-global-color-5)","background-image":"","background-repeat":"repeat","background-position":"center center","background-size":"auto","background-attachment":"scroll","background-type":"","background-media":"","overlay-type":"","overlay-color":"","overlay-opacity":"","overlay-gradient":""}},"footnotes":""},"class_list":["post-2036","page","type-page","status-publish","hentry"],"yoast_head":"<!-- This site is optimized with the Yoast SEO plugin v27.2 - https:\/\/yoast.com\/product\/yoast-seo-wordpress\/ -->\n<title>Politique de confidentialit\u00e9 - Calaben<\/title>\n<meta name=\"robots\" content=\"index, follow, max-snippet:-1, max-image-preview:large, max-video-preview:-1\" \/>\n<link rel=\"canonical\" href=\"https:\/\/www.calaben.com\/fr\/politique-de-confidentialite\/\" \/>\n<meta property=\"og:locale\" content=\"fr_FR\" \/>\n<meta property=\"og:type\" content=\"article\" \/>\n<meta property=\"og:title\" content=\"Politique de confidentialit\u00e9 - Calaben\" \/>\n<meta property=\"og:description\" content=\"G\u00e9n\u00e9ral La r\u00e9glementation en mati\u00e8re de protection des donn\u00e9es est une priorit\u00e9 pour LOU QUEIRELET SARL. C\u2019est pour cette raison, que nous souhaitons faire en sorte que toutes les informations en relation avec le traitement de vos donn\u00e9es personnelles sur le Site www.calaben.com soient claires et compr\u00e9hensives pour l&rsquo;utilisateur. Cette r\u00e9glementation sur la protection de [&hellip;]\" \/>\n<meta property=\"og:url\" content=\"https:\/\/www.calaben.com\/fr\/politique-de-confidentialite\/\" \/>\n<meta property=\"og:site_name\" content=\"Calaben\" \/>\n<meta property=\"article:modified_time\" content=\"2025-09-25T12:46:59+00:00\" \/>\n<meta name=\"twitter:card\" content=\"summary_large_image\" \/>\n<meta name=\"twitter:label1\" content=\"Dur\u00e9e de lecture estim\u00e9e\" \/>\n\t<meta name=\"twitter:data1\" content=\"3 minutes\" \/>\n<script type=\"application\/ld+json\" class=\"yoast-schema-graph\">{\"@context\":\"https:\/\/schema.org\",\"@graph\":[{\"@type\":\"WebPage\",\"@id\":\"https:\/\/www.calaben.com\/fr\/politique-de-confidentialite\/\",\"url\":\"https:\/\/www.calaben.com\/fr\/politique-de-confidentialite\/\",\"name\":\"Politique de confidentialit\u00e9 - Calaben\",\"isPartOf\":{\"@id\":\"https:\/\/www.calaben.com\/fr\/#website\"},\"datePublished\":\"2021-10-14T11:14:29+00:00\",\"dateModified\":\"2025-09-25T12:46:59+00:00\",\"breadcrumb\":{\"@id\":\"https:\/\/www.calaben.com\/fr\/politique-de-confidentialite\/#breadcrumb\"},\"inLanguage\":\"fr-FR\",\"potentialAction\":[{\"@type\":\"ReadAction\",\"target\":[\"https:\/\/www.calaben.com\/fr\/politique-de-confidentialite\/\"]}]},{\"@type\":\"BreadcrumbList\",\"@id\":\"https:\/\/www.calaben.com\/fr\/politique-de-confidentialite\/#breadcrumb\",\"itemListElement\":[{\"@type\":\"ListItem\",\"position\":1,\"name\":\"Home\",\"item\":\"https:\/\/www.calaben.com\/fr\/\"},{\"@type\":\"ListItem\",\"position\":2,\"name\":\"Politique de confidentialit\u00e9\"}]},{\"@type\":\"WebSite\",\"@id\":\"https:\/\/www.calaben.com\/fr\/#website\",\"url\":\"https:\/\/www.calaben.com\/fr\/\",\"name\":\"Calaben\",\"description\":\"\",\"potentialAction\":[{\"@type\":\"SearchAction\",\"target\":{\"@type\":\"EntryPoint\",\"urlTemplate\":\"https:\/\/www.calaben.com\/fr\/?s={search_term_string}\"},\"query-input\":{\"@type\":\"PropertyValueSpecification\",\"valueRequired\":true,\"valueName\":\"search_term_string\"}}],\"inLanguage\":\"fr-FR\"}]}<\/script>\n<!-- \/ Yoast SEO plugin. -->","yoast_head_json":{"title":"Politique de confidentialit\u00e9 - Calaben","robots":{"index":"index","follow":"follow","max-snippet":"max-snippet:-1","max-image-preview":"max-image-preview:large","max-video-preview":"max-video-preview:-1"},"canonical":"https:\/\/www.calaben.com\/fr\/politique-de-confidentialite\/","og_locale":"fr_FR","og_type":"article","og_title":"Politique de confidentialit\u00e9 - Calaben","og_description":"G\u00e9n\u00e9ral La r\u00e9glementation en mati\u00e8re de protection des donn\u00e9es est une priorit\u00e9 pour LOU QUEIRELET SARL. C\u2019est pour cette raison, que nous souhaitons faire en sorte que toutes les informations en relation avec le traitement de vos donn\u00e9es personnelles sur le Site www.calaben.com soient claires et compr\u00e9hensives pour l&rsquo;utilisateur. Cette r\u00e9glementation sur la protection de [&hellip;]","og_url":"https:\/\/www.calaben.com\/fr\/politique-de-confidentialite\/","og_site_name":"Calaben","article_modified_time":"2025-09-25T12:46:59+00:00","twitter_card":"summary_large_image","twitter_misc":{"Dur\u00e9e de lecture estim\u00e9e":"3 minutes"},"schema":{"@context":"https:\/\/schema.org","@graph":[{"@type":"WebPage","@id":"https:\/\/www.calaben.com\/fr\/politique-de-confidentialite\/","url":"https:\/\/www.calaben.com\/fr\/politique-de-confidentialite\/","name":"Politique de confidentialit\u00e9 - Calaben","isPartOf":{"@id":"https:\/\/www.calaben.com\/fr\/#website"},"datePublished":"2021-10-14T11:14:29+00:00","dateModified":"2025-09-25T12:46:59+00:00","breadcrumb":{"@id":"https:\/\/www.calaben.com\/fr\/politique-de-confidentialite\/#breadcrumb"},"inLanguage":"fr-FR","potentialAction":[{"@type":"ReadAction","target":["https:\/\/www.calaben.com\/fr\/politique-de-confidentialite\/"]}]},{"@type":"BreadcrumbList","@id":"https:\/\/www.calaben.com\/fr\/politique-de-confidentialite\/#breadcrumb","itemListElement":[{"@type":"ListItem","position":1,"name":"Home","item":"https:\/\/www.calaben.com\/fr\/"},{"@type":"ListItem","position":2,"name":"Politique de confidentialit\u00e9"}]},{"@type":"WebSite","@id":"https:\/\/www.calaben.com\/fr\/#website","url":"https:\/\/www.calaben.com\/fr\/","name":"Calaben","description":"","potentialAction":[{"@type":"SearchAction","target":{"@type":"EntryPoint","urlTemplate":"https:\/\/www.calaben.com\/fr\/?s={search_term_string}"},"query-input":{"@type":"PropertyValueSpecification","valueRequired":true,"valueName":"search_term_string"}}],"inLanguage":"fr-FR"}]}},"_links":{"self":[{"href":"https:\/\/www.calaben.com\/fr\/wp-json\/wp\/v2\/pages\/2036","targetHints":{"allow":["GET"]}}],"collection":[{"href":"https:\/\/www.calaben.com\/fr\/wp-json\/wp\/v2\/pages"}],"about":[{"href":"https:\/\/www.calaben.com\/fr\/wp-json\/wp\/v2\/types\/page"}],"author":[{"embeddable":true,"href":"https:\/\/www.calaben.com\/fr\/wp-json\/wp\/v2\/users\/1"}],"replies":[{"embeddable":true,"href":"https:\/\/www.calaben.com\/fr\/wp-json\/wp\/v2\/comments?post=2036"}],"version-history":[{"count":0,"href":"https:\/\/www.calaben.com\/fr\/wp-json\/wp\/v2\/pages\/2036\/revisions"}],"wp:attachment":[{"href":"https:\/\/www.calaben.com\/fr\/wp-json\/wp\/v2\/media?parent=2036"}],"curies":[{"name":"wp","href":"https:\/\/api.w.org\/{rel}","templated":true}]}}