{"id":6808,"date":"2025-11-06T17:42:03","date_gmt":"2025-11-06T15:42:03","guid":{"rendered":"https:\/\/www.calaben.com\/?post_type=product&#038;p=6808"},"modified":"2026-01-21T10:07:30","modified_gmt":"2026-01-21T08:07:30","slug":"sac-de-rangement","status":"publish","type":"product","link":"https:\/\/www.calaben.com\/fr\/boutique\/accessoires\/sacs\/sac-de-rangement\/","title":{"rendered":"SAC DE RANGEMENT"},"content":{"rendered":"<p>Personnalisez votre sac de rangement avec le nom d&rsquo;un lieu que vous appr\u00e9ciez!<\/p>\n<p>ATTENTION: pour que chaque sac soit unique, une proposition de motif graphique vous sera envoy\u00e9e dans les 5 jours ouvr\u00e9s. V\u00e9rifiez vos spams&#8230;!<\/p>\n<p>Maximum 15 caract\u00e8res, espaces compris.<\/p>\n<p>Sac de rangement en coton (140g\/m2) de 25*30cm.<\/p>\n","protected":false},"excerpt":{"rendered":"<p>Personnalisez votre sac de rangement avec le nom d&rsquo;un lieu que vous appr\u00e9ciez! ATTENTION: pour que chaque sac soit unique, une proposition de motif graphique vous sera envoy\u00e9e dans les 5 jours ouvr\u00e9s. V\u00e9rifiez vos spams&#8230;! Maximum 15 caract\u00e8res, espaces compris. Sac de rangement en coton (140g\/m2) de 25*30cm.<\/p>\n","protected":false},"featured_media":6811,"template":"","meta":{"site-sidebar-layout":"default","site-content-layout":"","ast-site-content-layout":"default","site-content-style":"default","site-sidebar-style":"default","ast-global-header-display":"","ast-banner-title-visibility":"","ast-main-header-display":"","ast-hfb-above-header-display":"","ast-hfb-below-header-display":"","ast-hfb-mobile-header-display":"","site-post-title":"","ast-breadcrumbs-content":"","ast-featured-img":"","footer-sml-layout":"","ast-disable-related-posts":"","theme-transparent-header-meta":"default","adv-header-id-meta":"","stick-header-meta":"","header-above-stick-meta":"","header-main-stick-meta":"","header-below-stick-meta":"","astra-migrate-meta-layouts":"set","ast-page-background-enabled":"default","ast-page-background-meta":{"desktop":{"background-color":"","background-image":"","background-repeat":"repeat","background-position":"center center","background-size":"auto","background-attachment":"scroll","background-type":"","background-media":"","overlay-type":"","overlay-color":"","overlay-opacity":"","overlay-gradient":""},"tablet":{"background-color":"","background-image":"","background-repeat":"repeat","background-position":"center center","background-size":"auto","background-attachment":"scroll","background-type":"","background-media":"","overlay-type":"","overlay-color":"","overlay-opacity":"","overlay-gradient":""},"mobile":{"background-color":"","background-image":"","background-repeat":"repeat","background-position":"center center","background-size":"auto","background-attachment":"scroll","background-type":"","background-media":"","overlay-type":"","overlay-color":"","overlay-opacity":"","overlay-gradient":""}},"ast-content-background-meta":{"desktop":{"background-color":"var(--ast-global-color-5)","background-image":"","background-repeat":"repeat","background-position":"center center","background-size":"auto","background-attachment":"scroll","background-type":"","background-media":"","overlay-type":"","overlay-color":"","overlay-opacity":"","overlay-gradient":""},"tablet":{"background-color":"var(--ast-global-color-5)","background-image":"","background-repeat":"repeat","background-position":"center center","background-size":"auto","background-attachment":"scroll","background-type":"","background-media":"","overlay-type":"","overlay-color":"","overlay-opacity":"","overlay-gradient":""},"mobile":{"background-color":"var(--ast-global-color-5)","background-image":"","background-repeat":"repeat","background-position":"center center","background-size":"auto","background-attachment":"scroll","background-type":"","background-media":"","overlay-type":"","overlay-color":"","overlay-opacity":"","overlay-gradient":""}}},"product_brand":[],"product_cat":[193,194],"product_tag":[],"composition":[233],"conseils-d039entretien":[162,166,165,164],"type-de-decor":[167],"personnalisation":[169],"class_list":{"0":"post-6808","1":"product","2":"type-product","3":"status-publish","4":"has-post-thumbnail","6":"product_cat-accessoires","7":"product_cat-sacs","8":"composition-coton-polyester","9":"conseils-d039entretien-lavage-a-30c","10":"conseils-d039entretien-lavage-sur-lenvers","11":"conseils-d039entretien-repassage-fer-doux","12":"conseils-d039entretien-repassage-sur-lenvers","13":"type-de-decor-broderie","14":"personnalisation-article-personnalisable","15":"desktop-align-left","16":"tablet-align-left","17":"mobile-align-left","19":"first","20":"instock","21":"taxable","22":"shipping-taxable","23":"purchasable","24":"product-type-simple"},"yoast_head":"<!-- This site is optimized with the Yoast SEO plugin v27.2 - https:\/\/yoast.com\/product\/yoast-seo-wordpress\/ -->\n<title>SAC DE RANGEMENT - Calaben<\/title>\n<meta name=\"description\" content=\"Personnalisez votre sac de rangement avec le nom d&#039;un lieu que vous appr\u00e9ciez!ATTENTION: pour que chaque sac soit unique, une proposition de motif graphique vous sera envoy\u00e9e dans les 5 jours ouvr\u00e9s. V\u00e9rifiez vos spams...!Maximum 15 caract\u00e8res, espaces compris.Sac de rangement en coton (140g\/m2) de 25*30cm.\" \/>\n<meta name=\"robots\" content=\"index, follow, max-snippet:-1, max-image-preview:large, max-video-preview:-1\" \/>\n<link rel=\"canonical\" href=\"https:\/\/www.calaben.com\/fr\/boutique\/accessoires\/sacs\/sac-de-rangement\/\" \/>\n<meta property=\"og:locale\" content=\"fr_FR\" \/>\n<meta property=\"og:type\" content=\"article\" \/>\n<meta property=\"og:title\" content=\"SAC DE RANGEMENT - Calaben\" \/>\n<meta property=\"og:description\" content=\"Personnalisez votre sac de rangement avec le nom d&#039;un lieu que vous appr\u00e9ciez!ATTENTION: pour que chaque sac soit unique, une proposition de motif graphique vous sera envoy\u00e9e dans les 5 jours ouvr\u00e9s. V\u00e9rifiez vos spams...!Maximum 15 caract\u00e8res, espaces compris.Sac de rangement en coton (140g\/m2) de 25*30cm.\" \/>\n<meta property=\"og:url\" content=\"https:\/\/www.calaben.com\/fr\/boutique\/accessoires\/sacs\/sac-de-rangement\/\" \/>\n<meta property=\"og:site_name\" content=\"Calaben\" \/>\n<meta property=\"article:modified_time\" content=\"2026-01-21T08:07:30+00:00\" \/>\n<meta property=\"og:image\" content=\"https:\/\/www.calaben.com\/wp-content\/uploads\/2025\/11\/VERBIER-copie-1024x948.jpg\" \/>\n\t<meta property=\"og:image:width\" content=\"1024\" \/>\n\t<meta property=\"og:image:height\" content=\"948\" \/>\n\t<meta property=\"og:image:type\" content=\"image\/jpeg\" \/>\n<meta name=\"twitter:card\" content=\"summary_large_image\" \/>\n<meta name=\"twitter:label1\" content=\"Dur\u00e9e de lecture estim\u00e9e\" \/>\n\t<meta name=\"twitter:data1\" content=\"1 minute\" \/>\n<script type=\"application\/ld+json\" class=\"yoast-schema-graph\">{\"@context\":\"https:\/\/schema.org\",\"@graph\":[{\"@type\":\"WebPage\",\"@id\":\"https:\/\/www.calaben.com\/fr\/boutique\/accessoires\/sacs\/sac-de-rangement\/\",\"url\":\"https:\/\/www.calaben.com\/fr\/boutique\/accessoires\/sacs\/sac-de-rangement\/\",\"name\":\"SAC DE RANGEMENT - Calaben\",\"isPartOf\":{\"@id\":\"https:\/\/www.calaben.com\/fr\/#website\"},\"primaryImageOfPage\":{\"@id\":\"https:\/\/www.calaben.com\/fr\/boutique\/accessoires\/sacs\/sac-de-rangement\/#primaryimage\"},\"image\":{\"@id\":\"https:\/\/www.calaben.com\/fr\/boutique\/accessoires\/sacs\/sac-de-rangement\/#primaryimage\"},\"thumbnailUrl\":\"https:\/\/www.calaben.com\/wp-content\/uploads\/2025\/11\/VERBIER-copie-scaled.jpg\",\"datePublished\":\"2025-11-06T15:42:03+00:00\",\"dateModified\":\"2026-01-21T08:07:30+00:00\",\"description\":\"Personnalisez votre sac de rangement avec le nom d'un lieu que vous appr\u00e9ciez!ATTENTION: pour que chaque sac soit unique, une proposition de motif graphique vous sera envoy\u00e9e dans les 5 jours ouvr\u00e9s. V\u00e9rifiez vos spams...!Maximum 15 caract\u00e8res, espaces compris.Sac de rangement en coton (140g\/m2) de 25*30cm.\",\"breadcrumb\":{\"@id\":\"https:\/\/www.calaben.com\/fr\/boutique\/accessoires\/sacs\/sac-de-rangement\/#breadcrumb\"},\"inLanguage\":\"fr-FR\",\"potentialAction\":[{\"@type\":\"ReadAction\",\"target\":[\"https:\/\/www.calaben.com\/fr\/boutique\/accessoires\/sacs\/sac-de-rangement\/\"]}]},{\"@type\":\"ImageObject\",\"inLanguage\":\"fr-FR\",\"@id\":\"https:\/\/www.calaben.com\/fr\/boutique\/accessoires\/sacs\/sac-de-rangement\/#primaryimage\",\"url\":\"https:\/\/www.calaben.com\/wp-content\/uploads\/2025\/11\/VERBIER-copie-scaled.jpg\",\"contentUrl\":\"https:\/\/www.calaben.com\/wp-content\/uploads\/2025\/11\/VERBIER-copie-scaled.jpg\",\"width\":2560,\"height\":2371},{\"@type\":\"BreadcrumbList\",\"@id\":\"https:\/\/www.calaben.com\/fr\/boutique\/accessoires\/sacs\/sac-de-rangement\/#breadcrumb\",\"itemListElement\":[{\"@type\":\"ListItem\",\"position\":1,\"name\":\"Home\",\"item\":\"https:\/\/www.calaben.com\/fr\/\"},{\"@type\":\"ListItem\",\"position\":2,\"name\":\"Boutique\",\"item\":\"https:\/\/www.calaben.com\/fr\/boutique\/\"},{\"@type\":\"ListItem\",\"position\":3,\"name\":\"SAC DE RANGEMENT\"}]},{\"@type\":\"WebSite\",\"@id\":\"https:\/\/www.calaben.com\/fr\/#website\",\"url\":\"https:\/\/www.calaben.com\/fr\/\",\"name\":\"Calaben\",\"description\":\"\",\"potentialAction\":[{\"@type\":\"SearchAction\",\"target\":{\"@type\":\"EntryPoint\",\"urlTemplate\":\"https:\/\/www.calaben.com\/fr\/?s={search_term_string}\"},\"query-input\":{\"@type\":\"PropertyValueSpecification\",\"valueRequired\":true,\"valueName\":\"search_term_string\"}}],\"inLanguage\":\"fr-FR\"}]}<\/script>\n<!-- \/ Yoast SEO plugin. -->","yoast_head_json":{"title":"SAC DE RANGEMENT - Calaben","description":"Personnalisez votre sac de rangement avec le nom d'un lieu que vous appr\u00e9ciez!ATTENTION: pour que chaque sac soit unique, une proposition de motif graphique vous sera envoy\u00e9e dans les 5 jours ouvr\u00e9s. V\u00e9rifiez vos spams...!Maximum 15 caract\u00e8res, espaces compris.Sac de rangement en coton (140g\/m2) de 25*30cm.","robots":{"index":"index","follow":"follow","max-snippet":"max-snippet:-1","max-image-preview":"max-image-preview:large","max-video-preview":"max-video-preview:-1"},"canonical":"https:\/\/www.calaben.com\/fr\/boutique\/accessoires\/sacs\/sac-de-rangement\/","og_locale":"fr_FR","og_type":"article","og_title":"SAC DE RANGEMENT - Calaben","og_description":"Personnalisez votre sac de rangement avec le nom d'un lieu que vous appr\u00e9ciez!ATTENTION: pour que chaque sac soit unique, une proposition de motif graphique vous sera envoy\u00e9e dans les 5 jours ouvr\u00e9s. V\u00e9rifiez vos spams...!Maximum 15 caract\u00e8res, espaces compris.Sac de rangement en coton (140g\/m2) de 25*30cm.","og_url":"https:\/\/www.calaben.com\/fr\/boutique\/accessoires\/sacs\/sac-de-rangement\/","og_site_name":"Calaben","article_modified_time":"2026-01-21T08:07:30+00:00","og_image":[{"width":1024,"height":948,"url":"https:\/\/www.calaben.com\/wp-content\/uploads\/2025\/11\/VERBIER-copie-1024x948.jpg","type":"image\/jpeg"}],"twitter_card":"summary_large_image","twitter_misc":{"Dur\u00e9e de lecture estim\u00e9e":"1 minute"},"schema":{"@context":"https:\/\/schema.org","@graph":[{"@type":"WebPage","@id":"https:\/\/www.calaben.com\/fr\/boutique\/accessoires\/sacs\/sac-de-rangement\/","url":"https:\/\/www.calaben.com\/fr\/boutique\/accessoires\/sacs\/sac-de-rangement\/","name":"SAC DE RANGEMENT - Calaben","isPartOf":{"@id":"https:\/\/www.calaben.com\/fr\/#website"},"primaryImageOfPage":{"@id":"https:\/\/www.calaben.com\/fr\/boutique\/accessoires\/sacs\/sac-de-rangement\/#primaryimage"},"image":{"@id":"https:\/\/www.calaben.com\/fr\/boutique\/accessoires\/sacs\/sac-de-rangement\/#primaryimage"},"thumbnailUrl":"https:\/\/www.calaben.com\/wp-content\/uploads\/2025\/11\/VERBIER-copie-scaled.jpg","datePublished":"2025-11-06T15:42:03+00:00","dateModified":"2026-01-21T08:07:30+00:00","description":"Personnalisez votre sac de rangement avec le nom d'un lieu que vous appr\u00e9ciez!ATTENTION: pour que chaque sac soit unique, une proposition de motif graphique vous sera envoy\u00e9e dans les 5 jours ouvr\u00e9s. V\u00e9rifiez vos spams...!Maximum 15 caract\u00e8res, espaces compris.Sac de rangement en coton (140g\/m2) de 25*30cm.","breadcrumb":{"@id":"https:\/\/www.calaben.com\/fr\/boutique\/accessoires\/sacs\/sac-de-rangement\/#breadcrumb"},"inLanguage":"fr-FR","potentialAction":[{"@type":"ReadAction","target":["https:\/\/www.calaben.com\/fr\/boutique\/accessoires\/sacs\/sac-de-rangement\/"]}]},{"@type":"ImageObject","inLanguage":"fr-FR","@id":"https:\/\/www.calaben.com\/fr\/boutique\/accessoires\/sacs\/sac-de-rangement\/#primaryimage","url":"https:\/\/www.calaben.com\/wp-content\/uploads\/2025\/11\/VERBIER-copie-scaled.jpg","contentUrl":"https:\/\/www.calaben.com\/wp-content\/uploads\/2025\/11\/VERBIER-copie-scaled.jpg","width":2560,"height":2371},{"@type":"BreadcrumbList","@id":"https:\/\/www.calaben.com\/fr\/boutique\/accessoires\/sacs\/sac-de-rangement\/#breadcrumb","itemListElement":[{"@type":"ListItem","position":1,"name":"Home","item":"https:\/\/www.calaben.com\/fr\/"},{"@type":"ListItem","position":2,"name":"Boutique","item":"https:\/\/www.calaben.com\/fr\/boutique\/"},{"@type":"ListItem","position":3,"name":"SAC DE RANGEMENT"}]},{"@type":"WebSite","@id":"https:\/\/www.calaben.com\/fr\/#website","url":"https:\/\/www.calaben.com\/fr\/","name":"Calaben","description":"","potentialAction":[{"@type":"SearchAction","target":{"@type":"EntryPoint","urlTemplate":"https:\/\/www.calaben.com\/fr\/?s={search_term_string}"},"query-input":{"@type":"PropertyValueSpecification","valueRequired":true,"valueName":"search_term_string"}}],"inLanguage":"fr-FR"}]}},"_links":{"self":[{"href":"https:\/\/www.calaben.com\/fr\/wp-json\/wp\/v2\/product\/6808","targetHints":{"allow":["GET"]}}],"collection":[{"href":"https:\/\/www.calaben.com\/fr\/wp-json\/wp\/v2\/product"}],"about":[{"href":"https:\/\/www.calaben.com\/fr\/wp-json\/wp\/v2\/types\/product"}],"wp:featuredmedia":[{"embeddable":true,"href":"https:\/\/www.calaben.com\/fr\/wp-json\/wp\/v2\/media\/6811"}],"wp:attachment":[{"href":"https:\/\/www.calaben.com\/fr\/wp-json\/wp\/v2\/media?parent=6808"}],"wp:term":[{"taxonomy":"product_brand","embeddable":true,"href":"https:\/\/www.calaben.com\/fr\/wp-json\/wp\/v2\/product_brand?post=6808"},{"taxonomy":"product_cat","embeddable":true,"href":"https:\/\/www.calaben.com\/fr\/wp-json\/wp\/v2\/product_cat?post=6808"},{"taxonomy":"product_tag","embeddable":true,"href":"https:\/\/www.calaben.com\/fr\/wp-json\/wp\/v2\/product_tag?post=6808"},{"taxonomy":"composition","embeddable":true,"href":"https:\/\/www.calaben.com\/fr\/wp-json\/wp\/v2\/composition?post=6808"},{"taxonomy":"conseils-d039entretien","embeddable":true,"href":"https:\/\/www.calaben.com\/fr\/wp-json\/wp\/v2\/conseils-d039entretien?post=6808"},{"taxonomy":"type-de-decor","embeddable":true,"href":"https:\/\/www.calaben.com\/fr\/wp-json\/wp\/v2\/type-de-decor?post=6808"},{"taxonomy":"personnalisation","embeddable":true,"href":"https:\/\/www.calaben.com\/fr\/wp-json\/wp\/v2\/personnalisation?post=6808"}],"curies":[{"name":"wp","href":"https:\/\/api.w.org\/{rel}","templated":true}]}}